{"id":142,"date":"2023-10-05T07:43:29","date_gmt":"2023-10-05T07:43:29","guid":{"rendered":"https:\/\/state-of-the-graphic-design.ch\/erklaerung-zur-verwendung-von-daten\/"},"modified":"2024-02-13T11:09:23","modified_gmt":"2024-02-13T11:09:23","slug":"erklaerung-zur-verwendung-von-daten","status":"publish","type":"page","link":"https:\/\/state-of-the-graphic-design.ch\/de\/erklaerung-zur-verwendung-von-daten\/","title":{"rendered":"Datenschutzerkl\u00e4rung"},"content":{"rendered":"\n<p><strong>1. Einleitung<\/strong><\/p>\n\n\n\n<p>Wir, Swiss Graphic Designer (SGD), nehmen den Schutz Ihrer pers\u00f6nlichen Daten sehr ernst. Diese Datenverwendungserkl\u00e4rung erl\u00e4utert, wie wir die personenbezogenen Daten, die Sie uns bei der Teilnahme an unserer Umfrage \u00fcber unsere in der Schweiz gehostete Website unter Verwendung von Gravity Forms zur Verf\u00fcgung stellen, sammeln, verarbeiten und sch\u00fctzen.<\/p>\n\n\n\n<p><strong>2. Erhebung der Daten<\/strong><\/p>\n\n\n\n<p>Wenn Sie an unserer Umfrage teilnehmen, k\u00f6nnen wir die folgenden Arten von personenbezogenen Daten sammeln:<\/p>\n\n\n\n<ul class=\"wp-block-list\">\n<li>Kontaktinformationen (wie z.B. Ihr Name, Ihre E-Mail-Adresse).<\/li>\n\n\n\n<li>Antworten auf die Umfrage, die Meinungen, Vorlieben und andere. Informationen, die Sie bereitstellen, enthalten k\u00f6nnen.<\/li>\n<\/ul>\n\n\n\n<div style=\"height:20px\" aria-hidden=\"true\" class=\"wp-block-spacer\"><\/div>\n\n\n\n<p><strong>3. Verwendung der Daten<\/strong><\/p>\n\n\n\n<p>Ihre personenbezogenen Daten werden ausschliesslich zu folgenden Zwecken erhoben:<\/p>\n\n\n\n<ul class=\"wp-block-list\">\n<li>Analyse der Umfragebeantwortungen, um unsere Dienstleistungen und Produkte zu verbessern.<\/li>\n\n\n\n<li>Gegebenenfalls mit Ihnen im Zusammenhang mit der Umfrage zu kommunizieren.<\/li>\n<\/ul>\n\n\n\n<div style=\"height:20px\" aria-hidden=\"true\" class=\"wp-block-spacer\"><\/div>\n\n\n\n<p><strong>4. Weitergabe von Daten<\/strong><\/p>\n\n\n\n<p>Wir geben Ihre personenbezogenen Daten nicht an Dritte weiter, es sei denn, dies ist gesetzlich vorgeschrieben oder Sie haben Ihre ausdr\u00fcckliche Zustimmung gegeben.<\/p>\n\n\n\n<p><strong>5. Sicherheit der Daten<\/strong><\/p>\n\n\n\n<p>Wir setzen technische und organisatorische Massnahmen ein, um Ihre personenbezogenen Daten vor unberechtigtem Zugriff, Verlust oder Zerst\u00f6rung zu sch\u00fctzen.<\/p>\n\n\n\n<p><strong>6. Ihre Rechte<\/strong><\/p>\n\n\n\n<p>Sie haben das Recht, auf Ihre personenbezogenen Daten zuzugreifen, ihre Berichtigung oder L\u00f6schung zu verlangen und ihre Verarbeitung einzuschr\u00e4nken oder sich ihr zu widersetzen. Um diese Rechte auszu\u00fcben, kontaktieren Sie uns bitte unter <a href=\"mailto:statement@sgd.ch\">statement@sgd.ch<\/a> <\/p>\n\n\n\n<p>Sie haben das Recht, bei einer Aufsichtsbeh\u00f6rde Beschwerde einzulegen, insbesondere an Ihrem Aufenthaltsort, Ihrem Arbeitsplatz oder am Ort des vermuteten Verstosses, falls Sie der Auffassung sind, dass die Verarbeitung Ihrer personenbezogenen Daten gegen die geltenden Datenschutzgesetze verst\u00f6sst. F\u00fcr die Schweiz ist die zust\u00e4ndige Beh\u00f6rde der Eidgen\u00f6ssische Datenschutz- und \u00d6ffentlichkeitsbeauftragte (ED\u00d6B), Feldeggweg 1, 3003 Bern. <\/p>\n\n\n\n<p><strong>7. Aufbewahrung der Daten<\/strong><\/p>\n\n\n\n<p>Wir bewahren Ihre personenbezogenen Daten so lange auf, wie es f\u00fcr die in dieser Erkl\u00e4rung dargelegten Zwecke erforderlich ist, sofern wir nicht gesetzlich zu einer l\u00e4ngeren Aufbewahrung verpflichtet sind.<\/p>\n\n\n\n<p><strong>8. \u00c4nderungen der Erkl\u00e4rung<\/strong><\/p>\n\n\n\n<p>Wir behalten uns das Recht vor, diese Erkl\u00e4rung zur Datennutzung jederzeit zu \u00e4ndern. \u00c4nderungen werden auf unserer Website ver\u00f6ffentlicht.<\/p>\n\n\n\n<p><strong>9. Verwendung von Cookies<\/strong><\/p>\n\n\n\n<p>Unsere Website verwendet Cookies, um die Benutzerfreundlichkeit zu verbessern, die Nutzung der Website zu analysieren und die Interaktion mit Gravity Forms zu erleichtern. Ein Cookie ist eine kleine Textdatei, die von Ihrem Webbrowser auf Ihrem Ger\u00e4t gespeichert wird, wenn Sie unsere Website besuchen. Wir verwenden sowohl Sitzungscookies, die verfallen, sobald Sie Ihren Browser schlie\u00dfen, als auch dauerhafte Cookies, die auf Ihrem Ger\u00e4t verbleiben, bis sie verfallen oder von Ihnen gel\u00f6scht werden.<\/p>\n\n\n\n<p>Wir verwenden die folgenden Arten von Cookies:<\/p>\n\n\n\n<ul class=\"wp-block-list\">\n<li><strong>Essentielle Cookies:<\/strong> Diese Cookies sind f\u00fcr den Betrieb unserer Website erforderlich und k\u00f6nnen in unseren Systemen nicht deaktiviert werden.<\/li>\n\n\n\n<li><strong>Leistungs- und Analyse-Cookies:<\/strong> Diese Cookies erm\u00f6glichen es uns, Besuche und Verkehrsquellen zu z\u00e4hlen, um die Leistung unserer Website zu messen und zu verbessern. Sie helfen uns dabei, herauszufinden, welche Seiten am beliebtesten und welche am unbeliebtesten sind, und zu sehen, wie sich die Besucher auf der Website bewegen.<\/li>\n\n\n\n<li><strong>Funktionale Cookies:<\/strong> Diese Cookies erm\u00f6glichen es der Website, eine verbesserte Funktionalit\u00e4t und Personalisierung zu bieten, wie z.B. das Speichern Ihrer Pr\u00e4ferenzen.<\/li>\n<\/ul>\n\n\n\n<p>Sie k\u00f6nnen Ihren Browser so einstellen, dass er diese Cookies blockiert oder Sie \u00fcber sie benachrichtigt, aber einige Teile der Website funktionieren dann m\u00f6glicherweise nicht.<\/p>\n\n\n\n<p><strong>Kontakt<\/strong><\/p>\n\n\n\n<p>Wenn Sie Fragen oder Bedenken bez\u00fcglich dieser Erkl\u00e4rung oder der Verarbeitung Ihrer pers\u00f6nlichen Daten haben, wenden Sie sich bitte an <a href=\"mailto:statement@sgd.ch\">statement@sgd.ch<\/a> <\/p>\n\n\n\n<div style=\"height:100px\" aria-hidden=\"true\" class=\"wp-block-spacer\"><\/div>\n","protected":false},"excerpt":{"rendered":"<p>1. Einleitung Wir, Swiss Graphic Designer (SGD), nehmen den Schutz Ihrer pers\u00f6nlichen Daten sehr ernst. Diese Datenverwendungserkl\u00e4rung erl\u00e4utert, wie wir die personenbezogenen Daten, die Sie uns bei der Teilnahme an unserer Umfrage \u00fcber unsere in der Schweiz gehostete Website unter Verwendung von Gravity Forms zur Verf\u00fcgung stellen, sammeln, verarbeiten und sch\u00fctzen. 2. Erhebung der Daten [&hellip;]<\/p>\n","protected":false},"author":1,"featured_media":0,"parent":0,"menu_order":0,"comment_status":"closed","ping_status":"open","template":"","meta":{"_acf_changed":false,"footnotes":""},"class_list":["post-142","page","type-page","status-publish","hentry"],"acf":[],"_links":{"self":[{"href":"https:\/\/state-of-the-graphic-design.ch\/de\/wp-json\/wp\/v2\/pages\/142","targetHints":{"allow":["GET"]}}],"collection":[{"href":"https:\/\/state-of-the-graphic-design.ch\/de\/wp-json\/wp\/v2\/pages"}],"about":[{"href":"https:\/\/state-of-the-graphic-design.ch\/de\/wp-json\/wp\/v2\/types\/page"}],"author":[{"embeddable":true,"href":"https:\/\/state-of-the-graphic-design.ch\/de\/wp-json\/wp\/v2\/users\/1"}],"replies":[{"embeddable":true,"href":"https:\/\/state-of-the-graphic-design.ch\/de\/wp-json\/wp\/v2\/comments?post=142"}],"version-history":[{"count":7,"href":"https:\/\/state-of-the-graphic-design.ch\/de\/wp-json\/wp\/v2\/pages\/142\/revisions"}],"predecessor-version":[{"id":171,"href":"https:\/\/state-of-the-graphic-design.ch\/de\/wp-json\/wp\/v2\/pages\/142\/revisions\/171"}],"wp:attachment":[{"href":"https:\/\/state-of-the-graphic-design.ch\/de\/wp-json\/wp\/v2\/media?parent=142"}],"curies":[{"name":"wp","href":"https:\/\/api.w.org\/{rel}","templated":true}]}}